{"id":84418,"date":"2020-08-15T10:09:45","date_gmt":"2020-08-15T10:09:45","guid":{"rendered":"https:\/\/owent.pl\/kim-jestesmy\/"},"modified":"2021-06-14T15:29:43","modified_gmt":"2021-06-14T15:29:43","slug":"who-are-we","status":"publish","type":"page","link":"https:\/\/owent.pl\/en\/who-are-we\/","title":{"rendered":"Who are we"},"content":{"rendered":"<div class=\"wpb-content-wrapper\"><p>[vc_row unlock_row_content=&#8221;yes&#8221; row_height_percent=&#8221;50&#8243; override_padding=&#8221;yes&#8221; h_padding=&#8221;0&#8243; top_padding=&#8221;0&#8243; bottom_padding=&#8221;0&#8243; overlay_alpha=&#8221;100&#8243; equal_height=&#8221;yes&#8221; gutter_size=&#8221;0&#8243; column_width_percent=&#8221;100&#8243; shift_y=&#8221;0&#8243; z_index=&#8221;0&#8243; style=&#8221;inherited&#8221;][vc_column column_width_percent=&#8221;100&#8243; position_horizontal=&#8221;left&#8221; position_vertical=&#8221;middle&#8221; gutter_size=&#8221;3&#8243; override_padding=&#8221;yes&#8221; column_padding=&#8221;4&#8243; overlay_alpha=&#8221;100&#8243; shift_x=&#8221;0&#8243; shift_y=&#8221;0&#8243; shift_y_down=&#8221;0&#8243; z_index=&#8221;0&#8243; medium_width=&#8221;3&#8243; mobile_width=&#8221;0&#8243; zoom_width=&#8221;0&#8243; zoom_height=&#8221;0&#8243; width=&#8221;1\/3&#8243;][vc_custom_heading heading_semantic=&#8221;h3&#8243; text_size=&#8221;h3&#8243; text_color=&#8221;accent&#8221; sub_lead=&#8221;yes&#8221; sub_reduced=&#8221;yes&#8221; subheading=&#8221;We are producers of modern industrial fans.&#8221;]Who are we?[\/vc_custom_heading][vc_custom_heading heading_semantic=&#8221;h3&#8243; text_size=&#8221;h3&#8243; text_color=&#8221;accent&#8221; sub_lead=&#8221;yes&#8221; sub_reduced=&#8221;yes&#8221; subheading=&#8221;We provide a complex service to our customers &#8211; we select appropriate products, we design, manufacture, assemble, support launching and provide maintenance services.&#8221;]What do we do?[\/vc_custom_heading][vc_custom_heading heading_semantic=&#8221;h3&#8243; text_size=&#8221;h3&#8243; text_color=&#8221;accent&#8221; sub_lead=&#8221;yes&#8221; sub_reduced=&#8221;yes&#8221; subheading=&#8221;We want to keep producing reliable fans and take care of environmental friendly energy efficiency.&#8221;]What is our goal?[\/vc_custom_heading][vc_empty_space empty_h=&#8221;2&#8243;][vc_button button_color=&#8221;accent&#8221; size=&#8221;btn-xl&#8221; radius=&#8221;btn-circle&#8221; border_animation=&#8221;btn-ripple-out&#8221; hover_fx=&#8221;outlined&#8221; custom_typo=&#8221;yes&#8221; font_family=&#8221;font-555555&#8243; font_weight=&#8221;900&#8243; border_width=&#8221;0&#8243; display=&#8221;inline&#8221; link=&#8221;url:https%3A%2F%2Fowent.pl%2Fzapytanie-ofertowe%2F|title:KONTAKT|target:%20_blank|&#8221; icon=&#8221;fa fa-arrow-right2&#8243;]Make an enquiry[\/vc_button][\/vc_column][vc_column column_width_percent=&#8221;100&#8243; position_horizontal=&#8221;left&#8221; position_vertical=&#8221;middle&#8221; align_horizontal=&#8221;align_center&#8221; gutter_size=&#8221;3&#8243; style=&#8221;dark&#8221; back_color=&#8221;color-gyho&#8221; back_image=&#8221;83471&#8243; back_position=&#8221;left top&#8221; overlay_color=&#8221;color-vyce&#8221; overlay_alpha=&#8221;0&#8243; shift_x=&#8221;0&#8243; shift_y=&#8221;0&#8243; shift_y_down=&#8221;0&#8243; z_index=&#8221;0&#8243; medium_width=&#8221;3&#8243; mobile_width=&#8221;0&#8243; zoom_width=&#8221;0&#8243; zoom_height=&#8221;0&#8243; width=&#8221;1\/3&#8243; mobile_height=&#8221;260&#8243;][\/vc_column][vc_column column_width_percent=&#8221;100&#8243; position_vertical=&#8221;middle&#8221; gutter_size=&#8221;3&#8243; override_padding=&#8221;yes&#8221; column_padding=&#8221;4&#8243; overlay_alpha=&#8221;50&#8243; shift_x=&#8221;0&#8243; shift_y=&#8221;0&#8243; shift_y_down=&#8221;0&#8243; z_index=&#8221;0&#8243; medium_width=&#8221;3&#8243; mobile_width=&#8221;0&#8243; zoom_width=&#8221;0&#8243; zoom_height=&#8221;0&#8243; width=&#8221;1\/3&#8243;][uncode_list larger=&#8221;yes&#8221; icon=&#8221;fa fa-check&#8221; icon_color=&#8221;color-vyce&#8221;]<\/p>\n<ul>\n<li>We manufacture modern industrial fans.<\/li>\n<li>We offer radial and axial fans.<\/li>\n<li>We have been with our customers for over 75 years.<\/li>\n<li>We guarantee professional advice and service.<\/li>\n<li>Together with our customers we care for the energy efficiency.<\/li>\n<li>We increase comfort and safety at work.<\/li>\n<li>We supply our products to many sectors of industry as well as to individual customers.<\/li>\n<li>Customers in Poland and abroad have placed their trust in us.<\/li>\n<\/ul>\n<p>[\/uncode_list][\/vc_column][\/vc_row][vc_row unlock_row_content=&#8221;yes&#8221; row_height_percent=&#8221;50&#8243; override_padding=&#8221;yes&#8221; h_padding=&#8221;0&#8243; top_padding=&#8221;0&#8243; bottom_padding=&#8221;0&#8243; back_color=&#8221;color-lxmt&#8221; overlay_alpha=&#8221;100&#8243; equal_height=&#8221;yes&#8221; gutter_size=&#8221;0&#8243; column_width_percent=&#8221;100&#8243; shift_y=&#8221;0&#8243; z_index=&#8221;0&#8243; style=&#8221;inherited&#8221;][vc_column column_width_percent=&#8221;100&#8243; position_horizontal=&#8221;left&#8221; gutter_size=&#8221;3&#8243; back_color=&#8221;color-gyho&#8221; back_image=&#8221;82887&#8243; overlay_alpha=&#8221;100&#8243; shift_x=&#8221;0&#8243; shift_y=&#8221;0&#8243; shift_y_down=&#8221;0&#8243; z_index=&#8221;0&#8243; medium_width=&#8221;3&#8243; mobile_width=&#8221;0&#8243; zoom_height=&#8221;0&#8243; width=&#8221;1\/3&#8243; mobile_height=&#8221;260&#8243;][\/vc_column][vc_column column_width_percent=&#8221;100&#8243; position_horizontal=&#8221;left&#8221; position_vertical=&#8221;middle&#8221; gutter_size=&#8221;3&#8243; override_padding=&#8221;yes&#8221; column_padding=&#8221;4&#8243; overlay_alpha=&#8221;100&#8243; shift_x=&#8221;0&#8243; shift_y=&#8221;0&#8243; shift_y_down=&#8221;0&#8243; z_index=&#8221;0&#8243; medium_width=&#8221;3&#8243; mobile_width=&#8221;0&#8243; zoom_width=&#8221;0&#8243; zoom_height=&#8221;0&#8243; width=&#8221;1\/3&#8243;][vc_column_text]<strong>OWENT Fans Factory offers modern industrial fans, made according to the highest standards based on the applicable regulations. Our experienced staff, including qualified engineers, meet our customers&#8217; expectations.<\/strong><\/p>\n<p>Our offer includes radial and axial fans, which are essential elements of numerous installations. Their high reliability is fundamental for the smooth and efficient production and proper functioning of facilities. Our fans increase the comfort and safety of work, filter out dust and other impurities. Together with our customers we care about protecting the environment and saving energy &#8211; our specialists, after taking the measurements, can also offer the modernization of the fans already owned by our customers, which will bring them significant savings.<\/p>\n<p>We have been in operation for over 75 years. During this time we have gained a lot of experience, we are constantly improving our products and above all we are constantly winning new customers. Those who have trusted us, have been with us for years. We are glad that the group of our customers is constantly growing. We work for various sectors of the economy.[\/vc_column_text][\/vc_column][vc_column column_width_percent=&#8221;100&#8243; position_horizontal=&#8221;left&#8221; gutter_size=&#8221;3&#8243; back_color=&#8221;color-gyho&#8221; back_image=&#8221;82699&#8243; overlay_alpha=&#8221;100&#8243; shift_x=&#8221;0&#8243; shift_y=&#8221;0&#8243; shift_y_down=&#8221;0&#8243; z_index=&#8221;0&#8243; medium_width=&#8221;3&#8243; mobile_width=&#8221;0&#8243; zoom_width=&#8221;0&#8243; zoom_height=&#8221;0&#8243; width=&#8221;1\/3&#8243; mobile_height=&#8221;260&#8243;][\/vc_column][\/vc_row]<\/p>\n<\/div>","protected":false},"excerpt":{"rendered":"<p>[vc_row unlock_row_content=&#8221;yes&#8221; row_height_percent=&#8221;50&#8243; override_padding=&#8221;yes&#8221; h_padding=&#8221;0&#8243; top_padding=&#8221;0&#8243; bottom_padding=&#8221;0&#8243; overlay_alpha=&#8221;100&#8243; equal_height=&#8221;yes&#8221; gutter_size=&#8221;0&#8243; column_width_percent=&#8221;100&#8243; shift_y=&#8221;0&#8243; z_index=&#8221;0&#8243; style=&#8221;inherited&#8221;][vc_column column_width_percent=&#8221;100&#8243; position_horizontal=&#8221;left&#8221; position_vertical=&#8221;middle&#8221; gutter_size=&#8221;3&#8243; override_padding=&#8221;yes&#8221; column_padding=&#8221;4&#8243; [&hellip;]<\/p>\n","protected":false},"author":1,"featured_media":0,"parent":0,"menu_order":0,"comment_status":"closed","ping_status":"closed","template":"","meta":{"footnotes":""},"class_list":["post-84418","page","type-page","status-publish","hentry"],"yoast_head":"<!-- This site is optimized with the Yoast SEO plugin v25.6 - https:\/\/yoast.com\/wordpress\/plugins\/seo\/ -->\n<title>Who are we - Producent wentylator\u00f3w przemys\u0142owych OWENT<\/title>\n<meta name=\"robots\" content=\"index, follow, max-snippet:-1, max-image-preview:large, max-video-preview:-1\" \/>\n<link rel=\"canonical\" href=\"https:\/\/owent.pl\/en\/who-are-we\/\" \/>\n<meta property=\"og:locale\" content=\"en_US\" \/>\n<meta property=\"og:type\" content=\"article\" \/>\n<meta property=\"og:title\" content=\"Who are we - Producent wentylator\u00f3w przemys\u0142owych OWENT\" \/>\n<meta property=\"og:description\" content=\"[vc_row unlock_row_content=&#8221;yes&#8221; row_height_percent=&#8221;50&#8243; override_padding=&#8221;yes&#8221; h_padding=&#8221;0&#8243; top_padding=&#8221;0&#8243; bottom_padding=&#8221;0&#8243; overlay_alpha=&#8221;100&#8243; equal_height=&#8221;yes&#8221; gutter_size=&#8221;0&#8243; column_width_percent=&#8221;100&#8243; shift_y=&#8221;0&#8243; z_index=&#8221;0&#8243; style=&#8221;inherited&#8221;][vc_column column_width_percent=&#8221;100&#8243; position_horizontal=&#8221;left&#8221; position_vertical=&#8221;middle&#8221; gutter_size=&#8221;3&#8243; override_padding=&#8221;yes&#8221; column_padding=&#8221;4&#8243; [&hellip;]\" \/>\n<meta property=\"og:url\" content=\"https:\/\/owent.pl\/en\/who-are-we\/\" \/>\n<meta property=\"og:site_name\" content=\"OWENT | Produkujemy nowoczesne wentylatory dla r\u00f3\u017cnych ga\u0142\u0119zi gospodarki.\" \/>\n<meta property=\"article:modified_time\" content=\"2021-06-14T15:29:43+00:00\" \/>\n<meta name=\"twitter:card\" content=\"summary_large_image\" \/>\n<meta name=\"twitter:label1\" content=\"Est. reading time\" \/>\n\t<meta name=\"twitter:data1\" content=\"4 minutes\" \/>\n<script type=\"application\/ld+json\" class=\"yoast-schema-graph\">{\"@context\":\"https:\/\/schema.org\",\"@graph\":[{\"@type\":\"WebPage\",\"@id\":\"https:\/\/owent.pl\/en\/who-are-we\/\",\"url\":\"https:\/\/owent.pl\/en\/who-are-we\/\",\"name\":\"Who are we - Producent wentylator\u00f3w przemys\u0142owych OWENT\",\"isPartOf\":{\"@id\":\"https:\/\/owent.pl\/#website\"},\"datePublished\":\"2020-08-15T10:09:45+00:00\",\"dateModified\":\"2021-06-14T15:29:43+00:00\",\"breadcrumb\":{\"@id\":\"https:\/\/owent.pl\/en\/who-are-we\/#breadcrumb\"},\"inLanguage\":\"en-US\",\"potentialAction\":[{\"@type\":\"ReadAction\",\"target\":[\"https:\/\/owent.pl\/en\/who-are-we\/\"]}]},{\"@type\":\"BreadcrumbList\",\"@id\":\"https:\/\/owent.pl\/en\/who-are-we\/#breadcrumb\",\"itemListElement\":[{\"@type\":\"ListItem\",\"position\":1,\"name\":\"Wentylatory przemys\u0142owe\",\"item\":\"https:\/\/owent.pl\/en\/\"},{\"@type\":\"ListItem\",\"position\":2,\"name\":\"Who are we\"}]},{\"@type\":\"WebSite\",\"@id\":\"https:\/\/owent.pl\/#website\",\"url\":\"https:\/\/owent.pl\/\",\"name\":\"OWENT | Produkujemy nowoczesne wentylatory dla r\u00f3\u017cnych ga\u0142\u0119zi gospodarki.\",\"description\":\"Cho\u0107 technologie zmieniaj\u0105 si\u0119, w OWENCIE dbamy od ponad 75 lat o te same warto\u015bci - jako\u015b\u0107 produkt\u00f3w i zadowolenie Klient\u00f3w\",\"potentialAction\":[{\"@type\":\"SearchAction\",\"target\":{\"@type\":\"EntryPoint\",\"urlTemplate\":\"https:\/\/owent.pl\/?s={search_term_string}\"},\"query-input\":{\"@type\":\"PropertyValueSpecification\",\"valueRequired\":true,\"valueName\":\"search_term_string\"}}],\"inLanguage\":\"en-US\"}]}<\/script>\n<!-- \/ Yoast SEO plugin. -->","yoast_head_json":{"title":"Who are we - Producent wentylator\u00f3w przemys\u0142owych OWENT","robots":{"index":"index","follow":"follow","max-snippet":"max-snippet:-1","max-image-preview":"max-image-preview:large","max-video-preview":"max-video-preview:-1"},"canonical":"https:\/\/owent.pl\/en\/who-are-we\/","og_locale":"en_US","og_type":"article","og_title":"Who are we - Producent wentylator\u00f3w przemys\u0142owych OWENT","og_description":"[vc_row unlock_row_content=&#8221;yes&#8221; row_height_percent=&#8221;50&#8243; override_padding=&#8221;yes&#8221; h_padding=&#8221;0&#8243; top_padding=&#8221;0&#8243; bottom_padding=&#8221;0&#8243; overlay_alpha=&#8221;100&#8243; equal_height=&#8221;yes&#8221; gutter_size=&#8221;0&#8243; column_width_percent=&#8221;100&#8243; shift_y=&#8221;0&#8243; z_index=&#8221;0&#8243; style=&#8221;inherited&#8221;][vc_column column_width_percent=&#8221;100&#8243; position_horizontal=&#8221;left&#8221; position_vertical=&#8221;middle&#8221; gutter_size=&#8221;3&#8243; override_padding=&#8221;yes&#8221; column_padding=&#8221;4&#8243; [&hellip;]","og_url":"https:\/\/owent.pl\/en\/who-are-we\/","og_site_name":"OWENT | Produkujemy nowoczesne wentylatory dla r\u00f3\u017cnych ga\u0142\u0119zi gospodarki.","article_modified_time":"2021-06-14T15:29:43+00:00","twitter_card":"summary_large_image","twitter_misc":{"Est. reading time":"4 minutes"},"schema":{"@context":"https:\/\/schema.org","@graph":[{"@type":"WebPage","@id":"https:\/\/owent.pl\/en\/who-are-we\/","url":"https:\/\/owent.pl\/en\/who-are-we\/","name":"Who are we - Producent wentylator\u00f3w przemys\u0142owych OWENT","isPartOf":{"@id":"https:\/\/owent.pl\/#website"},"datePublished":"2020-08-15T10:09:45+00:00","dateModified":"2021-06-14T15:29:43+00:00","breadcrumb":{"@id":"https:\/\/owent.pl\/en\/who-are-we\/#breadcrumb"},"inLanguage":"en-US","potentialAction":[{"@type":"ReadAction","target":["https:\/\/owent.pl\/en\/who-are-we\/"]}]},{"@type":"BreadcrumbList","@id":"https:\/\/owent.pl\/en\/who-are-we\/#breadcrumb","itemListElement":[{"@type":"ListItem","position":1,"name":"Wentylatory przemys\u0142owe","item":"https:\/\/owent.pl\/en\/"},{"@type":"ListItem","position":2,"name":"Who are we"}]},{"@type":"WebSite","@id":"https:\/\/owent.pl\/#website","url":"https:\/\/owent.pl\/","name":"OWENT | Produkujemy nowoczesne wentylatory dla r\u00f3\u017cnych ga\u0142\u0119zi gospodarki.","description":"Cho\u0107 technologie zmieniaj\u0105 si\u0119, w OWENCIE dbamy od ponad 75 lat o te same warto\u015bci - jako\u015b\u0107 produkt\u00f3w i zadowolenie Klient\u00f3w","potentialAction":[{"@type":"SearchAction","target":{"@type":"EntryPoint","urlTemplate":"https:\/\/owent.pl\/?s={search_term_string}"},"query-input":{"@type":"PropertyValueSpecification","valueRequired":true,"valueName":"search_term_string"}}],"inLanguage":"en-US"}]}},"_links":{"self":[{"href":"https:\/\/owent.pl\/en\/wp-json\/wp\/v2\/pages\/84418","targetHints":{"allow":["GET"]}}],"collection":[{"href":"https:\/\/owent.pl\/en\/wp-json\/wp\/v2\/pages"}],"about":[{"href":"https:\/\/owent.pl\/en\/wp-json\/wp\/v2\/types\/page"}],"author":[{"embeddable":true,"href":"https:\/\/owent.pl\/en\/wp-json\/wp\/v2\/users\/1"}],"replies":[{"embeddable":true,"href":"https:\/\/owent.pl\/en\/wp-json\/wp\/v2\/comments?post=84418"}],"version-history":[{"count":4,"href":"https:\/\/owent.pl\/en\/wp-json\/wp\/v2\/pages\/84418\/revisions"}],"predecessor-version":[{"id":84481,"href":"https:\/\/owent.pl\/en\/wp-json\/wp\/v2\/pages\/84418\/revisions\/84481"}],"wp:attachment":[{"href":"https:\/\/owent.pl\/en\/wp-json\/wp\/v2\/media?parent=84418"}],"curies":[{"name":"wp","href":"https:\/\/api.w.org\/{rel}","templated":true}]}}