{"id":84455,"date":"2020-08-15T10:10:53","date_gmt":"2020-08-15T10:10:53","guid":{"rendered":"https:\/\/owent.pl\/strefa-klienta\/"},"modified":"2021-09-06T06:24:32","modified_gmt":"2021-09-06T06:24:32","slug":"download","status":"publish","type":"page","link":"https:\/\/owent.pl\/en\/download\/","title":{"rendered":"DOWNLOAD"},"content":{"rendered":"<div class=\"wpb-content-wrapper\"><p>[vc_row row_height_percent=&#8221;0&#8243; override_padding=&#8221;yes&#8221; h_padding=&#8221;2&#8243; top_padding=&#8221;2&#8243; bottom_padding=&#8221;1&#8243; overlay_alpha=&#8221;50&#8243; gutter_size=&#8221;3&#8243; column_width_percent=&#8221;100&#8243; shift_y=&#8221;0&#8243; z_index=&#8221;0&#8243; row_name=&#8221;Events&#8221;][vc_column column_width_percent=&#8221;100&#8243; gutter_size=&#8221;3&#8243; style=&#8221;light&#8221; overlay_alpha=&#8221;50&#8243; shift_x=&#8221;0&#8243; shift_y=&#8221;0&#8243; shift_y_down=&#8221;0&#8243; z_index=&#8221;0&#8243; medium_width=&#8221;0&#8243; mobile_width=&#8221;0&#8243; width=&#8221;1\/1&#8243;][vc_row_inner][vc_column_inner column_width_use_pixel=&#8221;yes&#8221; align_horizontal=&#8221;align_center&#8221; gutter_size=&#8221;3&#8243; overlay_alpha=&#8221;50&#8243; shift_x=&#8221;0&#8243; shift_y=&#8221;0&#8243; shift_y_down=&#8221;0&#8243; z_index=&#8221;0&#8243; medium_width=&#8221;0&#8243; mobile_width=&#8221;0&#8243; width=&#8221;1\/1&#8243; column_width_pixel=&#8221;700&#8243;][vc_custom_heading text_size=&#8221;h1&#8243; text_weight=&#8221;600&#8243; text_color=&#8221;accent&#8221; sub_lead=&#8221;yes&#8221;]CATALOGS[\/vc_custom_heading][\/vc_column_inner][\/vc_row_inner][vc_separator][\/vc_column][\/vc_row][vc_row][vc_column width=&#8221;1\/4&#8243;][vc_single_image media=&#8221;84025&#8243; media_width_percent=&#8221;100&#8243; border=&#8221;yes&#8221; shadow=&#8221;yes&#8221; advanced=&#8221;yes&#8221; media_overlay_color=&#8221;color-vyce&#8221; media_overlay_opacity=&#8221;30&#8243; media_padding=&#8221;2&#8243; media_link=&#8221;url:https%3A%2F%2Fowent.pl%2Fwp-content%2Fuploads%2F2020%2F11%2F02.-Katalog-wentylatorow-przemyslowych-WPPO-WPWs-WPWDs-2020.pdf||target:%20_blank|&#8221;][\/vc_column][vc_column width=&#8221;2\/4&#8243;][vc_custom_heading heading_semantic=&#8221;h3&#8243; text_size=&#8221;h5&#8243; text_weight=&#8221;600&#8243; text_color=&#8221;accent&#8221;]WPPO, WPWS, WPWDs fans[\/vc_custom_heading][vc_custom_heading heading_semantic=&#8221;p&#8221; text_size=&#8221;&#8221;]Promieniowe o szerokim zastosowaniu ze wskazaniem do wyci\u0105gu spalin[\/vc_custom_heading][\/vc_column][vc_column column_width_percent=&#8221;100&#8243; position_vertical=&#8221;middle&#8221; gutter_size=&#8221;3&#8243; overlay_alpha=&#8221;50&#8243; shift_x=&#8221;0&#8243; shift_y=&#8221;0&#8243; shift_y_down=&#8221;0&#8243; z_index=&#8221;0&#8243; medium_width=&#8221;0&#8243; mobile_width=&#8221;0&#8243; width=&#8221;1\/4&#8243;][vc_button button_color=&#8221;color-vyce&#8221; radius=&#8221;btn-circle&#8221; border_width=&#8221;0&#8243; link=&#8221;url:https%3A%2F%2Fowent.pl%2Fwp-content%2Fuploads%2F2020%2F11%2F02.-Katalog-wentylatorow-przemyslowych-WPPO-WPWs-WPWDs-2020.pdf||target:%20_blank|&#8221; icon=&#8221;fa fa-download&#8221;]DOWNLOAD[\/vc_button][\/vc_column][\/vc_row][vc_row][vc_column width=&#8221;1\/4&#8243;][vc_single_image media=&#8221;84029&#8243; media_width_percent=&#8221;100&#8243; border=&#8221;yes&#8221; shadow=&#8221;yes&#8221; advanced=&#8221;yes&#8221; media_overlay_color=&#8221;color-vyce&#8221; media_overlay_opacity=&#8221;30&#8243; media_padding=&#8221;2&#8243; media_link=&#8221;url:https%3A%2F%2Fowent.pl%2Fwp-content%2Fuploads%2F2020%2F11%2F01.-Katalog-wentylatorow-WWOax-2020.pdf||target:%20_blank|&#8221;][\/vc_column][vc_column width=&#8221;2\/4&#8243;][vc_custom_heading heading_semantic=&#8221;h3&#8243; text_size=&#8221;h5&#8243; text_weight=&#8221;600&#8243; text_color=&#8221;accent&#8221;]Wentylatory WWOax[\/vc_custom_heading][vc_custom_heading heading_semantic=&#8221;p&#8221; text_size=&#8221;&#8221;]Promieniowe og\u00f3lnego przeznaczenia[\/vc_custom_heading][\/vc_column][vc_column column_width_percent=&#8221;100&#8243; position_vertical=&#8221;middle&#8221; gutter_size=&#8221;3&#8243; overlay_alpha=&#8221;50&#8243; shift_x=&#8221;0&#8243; shift_y=&#8221;0&#8243; shift_y_down=&#8221;0&#8243; z_index=&#8221;0&#8243; medium_width=&#8221;0&#8243; mobile_width=&#8221;0&#8243; width=&#8221;1\/4&#8243;][vc_button button_color=&#8221;color-vyce&#8221; radius=&#8221;btn-circle&#8221; border_width=&#8221;0&#8243; link=&#8221;url:https%3A%2F%2Fowent.pl%2Fwp-content%2Fuploads%2F2020%2F11%2F01.-Katalog-wentylatorow-WWOax-2020.pdf||target:%20_blank|&#8221; icon=&#8221;fa fa-download&#8221;]DOWNLOAD[\/vc_button][\/vc_column][\/vc_row][vc_row][vc_column width=&#8221;1\/4&#8243;][vc_single_image media=&#8221;84023&#8243; media_width_percent=&#8221;100&#8243; border=&#8221;yes&#8221; shadow=&#8221;yes&#8221; advanced=&#8221;yes&#8221; media_overlay_color=&#8221;color-vyce&#8221; media_overlay_opacity=&#8221;30&#8243; media_padding=&#8221;2&#8243; media_link=&#8221;url:https%3A%2F%2Fowent.pl%2Fwp-content%2Fuploads%2F2020%2F11%2F04.-Katalog-wentylatorow-wysokopreznych-WP-WPFO-KAP1800-WPSO-2020.pdf||target:%20_blank|&#8221;][\/vc_column][vc_column width=&#8221;2\/4&#8243;][vc_custom_heading heading_semantic=&#8221;h3&#8243; text_size=&#8221;h5&#8243; text_weight=&#8221;600&#8243; text_color=&#8221;accent&#8221;]Wentylatory WP, WPFO, WPSO, KAP1800[\/vc_custom_heading][vc_custom_heading heading_semantic=&#8221;p&#8221; text_size=&#8221;&#8221;]Promieniowe wysokoci\u015bnieniowe[\/vc_custom_heading][\/vc_column][vc_column column_width_percent=&#8221;100&#8243; position_vertical=&#8221;middle&#8221; gutter_size=&#8221;3&#8243; overlay_alpha=&#8221;50&#8243; shift_x=&#8221;0&#8243; shift_y=&#8221;0&#8243; shift_y_down=&#8221;0&#8243; z_index=&#8221;0&#8243; medium_width=&#8221;0&#8243; mobile_width=&#8221;0&#8243; width=&#8221;1\/4&#8243;][vc_button button_color=&#8221;color-vyce&#8221; radius=&#8221;btn-circle&#8221; border_width=&#8221;0&#8243; link=&#8221;url:https%3A%2F%2Fowent.pl%2Fwp-content%2Fuploads%2F2020%2F11%2F04.-Katalog-wentylatorow-wysokopreznych-WP-WPFO-KAP1800-WPSO-2020.pdf||target:%20_blank|&#8221; icon=&#8221;fa fa-download&#8221;]DOWNLOAD[\/vc_button][\/vc_column][\/vc_row][vc_row][vc_column width=&#8221;1\/4&#8243;][vc_single_image media=&#8221;84027&#8243; media_width_percent=&#8221;100&#8243; border=&#8221;yes&#8221; shadow=&#8221;yes&#8221; advanced=&#8221;yes&#8221; media_overlay_color=&#8221;color-vyce&#8221; media_overlay_opacity=&#8221;30&#8243; media_padding=&#8221;2&#8243; media_link=&#8221;url:https%3A%2F%2Fowent.pl%2Fwp-content%2Fuploads%2F2020%2F11%2F05-Katalog-wentylatorow-transportowych-WTOP-2020.pdf||target:%20_blank|&#8221;][\/vc_column][vc_column width=&#8221;2\/4&#8243;][vc_custom_heading heading_semantic=&#8221;h3&#8243; text_size=&#8221;h5&#8243; text_weight=&#8221;600&#8243; text_color=&#8221;accent&#8221;]Wentylatory WTOP[\/vc_custom_heading][vc_custom_heading heading_semantic=&#8221;p&#8221; text_size=&#8221;&#8221;]Promieniowe do transportu pneumatycznego[\/vc_custom_heading][\/vc_column][vc_column column_width_percent=&#8221;100&#8243; position_vertical=&#8221;middle&#8221; gutter_size=&#8221;3&#8243; overlay_alpha=&#8221;50&#8243; shift_x=&#8221;0&#8243; shift_y=&#8221;0&#8243; shift_y_down=&#8221;0&#8243; z_index=&#8221;0&#8243; medium_width=&#8221;0&#8243; mobile_width=&#8221;0&#8243; width=&#8221;1\/4&#8243;][vc_button button_color=&#8221;color-vyce&#8221; radius=&#8221;btn-circle&#8221; border_width=&#8221;0&#8243; link=&#8221;url:https%3A%2F%2Fowent.pl%2Fwp-content%2Fuploads%2F2020%2F11%2F05-Katalog-wentylatorow-transportowych-WTOP-2020.pdf||target:%20_blank|&#8221; icon=&#8221;fa fa-download&#8221;]DOWNLOAD[\/vc_button][\/vc_column][\/vc_row][vc_row row_height_percent=&#8221;50&#8243; override_padding=&#8221;yes&#8221; h_padding=&#8221;2&#8243; top_padding=&#8221;5&#8243; bottom_padding=&#8221;5&#8243; back_color=&#8221;accent&#8221; back_image=&#8221;83941&#8243; parallax=&#8221;yes&#8221; overlay_color=&#8221;color-vyce&#8221; overlay_alpha=&#8221;30&#8243; equal_height=&#8221;yes&#8221; gutter_size=&#8221;4&#8243; column_width_percent=&#8221;100&#8243; shift_y=&#8221;0&#8243; z_index=&#8221;0&#8243;][vc_column column_width_percent=&#8221;100&#8243; position_vertical=&#8221;middle&#8221; align_horizontal=&#8221;align_center&#8221; gutter_size=&#8221;3&#8243; style=&#8221;dark&#8221; overlay_alpha=&#8221;50&#8243; shift_x=&#8221;0&#8243; shift_y=&#8221;0&#8243; shift_y_down=&#8221;0&#8243; z_index=&#8221;0&#8243; medium_width=&#8221;0&#8243; mobile_width=&#8221;0&#8243; width=&#8221;1\/1&#8243;][vc_custom_heading heading_semantic=&#8221;h6&#8243; text_size=&#8221;h3&#8243; text_transform=&#8221;uppercase&#8221; text_color=&#8221;color-xsdn&#8221;]SZUKASZ WENTYLATORA NIESTANDARDOWEGO[\/vc_custom_heading][vc_custom_heading heading_semantic=&#8221;h3&#8243; text_color=&#8221;color-lxmt&#8221;]Wy\u015blij zapytanie, podaj interesuj\u0105ce Ci\u0119 parametry,<br \/>\nna pewno jeste\u015bmy w stanie go wykona\u0107.[\/vc_custom_heading][vc_empty_space empty_h=&#8221;2&#8243;][vc_button size=&#8221;btn-xl&#8221; radius=&#8221;btn-circle&#8221; border_animation=&#8221;btn-ripple-out&#8221; hover_fx=&#8221;outlined&#8221; custom_typo=&#8221;yes&#8221; font_family=&#8221;font-555555&#8243; font_weight=&#8221;900&#8243; border_width=&#8221;0&#8243; display=&#8221;inline&#8221; link=&#8221;url:https%3A%2F%2Fowent.pl%2Fzapytanie-ofertowe%2F|title:KONTAKT|target:%20_blank|&#8221; icon=&#8221;fa fa-arrow-right2&#8243;]Z\u0141\u00d3\u017b ZAPYTANIE[\/vc_button][\/vc_column][\/vc_row][vc_row row_height_percent=&#8221;0&#8243; override_padding=&#8221;yes&#8221; h_padding=&#8221;2&#8243; top_padding=&#8221;2&#8243; bottom_padding=&#8221;1&#8243; overlay_alpha=&#8221;50&#8243; gutter_size=&#8221;3&#8243; column_width_percent=&#8221;100&#8243; shift_y=&#8221;0&#8243; z_index=&#8221;0&#8243; row_name=&#8221;Events&#8221;][vc_column column_width_percent=&#8221;100&#8243; gutter_size=&#8221;3&#8243; style=&#8221;light&#8221; overlay_alpha=&#8221;50&#8243; shift_x=&#8221;0&#8243; shift_y=&#8221;0&#8243; shift_y_down=&#8221;0&#8243; z_index=&#8221;0&#8243; medium_width=&#8221;0&#8243; mobile_width=&#8221;0&#8243; width=&#8221;1\/1&#8243;][vc_row_inner][vc_column_inner column_width_use_pixel=&#8221;yes&#8221; align_horizontal=&#8221;align_center&#8221; gutter_size=&#8221;3&#8243; overlay_alpha=&#8221;50&#8243; shift_x=&#8221;0&#8243; shift_y=&#8221;0&#8243; shift_y_down=&#8221;0&#8243; z_index=&#8221;0&#8243; medium_width=&#8221;0&#8243; mobile_width=&#8221;0&#8243; width=&#8221;1\/1&#8243; column_width_pixel=&#8221;700&#8243;][vc_custom_heading text_size=&#8221;h1&#8243; text_weight=&#8221;600&#8243; text_color=&#8221;accent&#8221; sub_lead=&#8221;yes&#8221;]DOCUMENTS[\/vc_custom_heading][\/vc_column_inner][\/vc_row_inner][vc_separator][\/vc_column][\/vc_row][vc_row][vc_column column_width_percent=&#8221;100&#8243; gutter_size=&#8221;3&#8243; overlay_alpha=&#8221;50&#8243; shift_x=&#8221;0&#8243; shift_y=&#8221;0&#8243; shift_y_down=&#8221;0&#8243; z_index=&#8221;0&#8243; medium_width=&#8221;0&#8243; mobile_width=&#8221;0&#8243; width=&#8221;1\/4&#8243;][vc_single_image media=&#8221;84021&#8243; media_width_percent=&#8221;100&#8243; border=&#8221;yes&#8221; shadow=&#8221;yes&#8221; advanced=&#8221;yes&#8221; media_overlay_color=&#8221;color-vyce&#8221; media_overlay_opacity=&#8221;30&#8243; media_padding=&#8221;2&#8243; media_link=&#8221;url:https%3A%2F%2Fowent.pl%2Fwp-content%2Fuploads%2F2021%2F09%2FOWZ_OWENT_2021_EN.pdf|target:_blank&#8221;][\/vc_column][vc_column width=&#8221;2\/4&#8243;][vc_custom_heading heading_semantic=&#8221;h3&#8243; text_size=&#8221;h5&#8243; text_weight=&#8221;600&#8243; text_color=&#8221;accent&#8221;]GENERAL TERMS AND CONDITIONS FOR CONTRACTS[\/vc_custom_heading][\/vc_column][vc_column width=&#8221;1\/4&#8243;][vc_button button_color=&#8221;color-vyce&#8221; radius=&#8221;btn-circle&#8221; border_width=&#8221;0&#8243; link=&#8221;url:https%3A%2F%2Fowent.pl%2Fwp-content%2Fuploads%2F2021%2F09%2FOWZ_OWENT_2021_EN.pdf|target:_blank&#8221; icon=&#8221;fa fa-download&#8221;]POBIERZ[\/vc_button][\/vc_column][\/vc_row][vc_row][vc_column width=&#8221;1\/4&#8243;][vc_single_image media=&#8221;84017&#8243; media_width_percent=&#8221;100&#8243; border=&#8221;yes&#8221; shadow=&#8221;yes&#8221; advanced=&#8221;yes&#8221; media_overlay_color=&#8221;color-vyce&#8221; media_overlay_opacity=&#8221;30&#8243; media_padding=&#8221;2&#8243; media_link=&#8221;url:https%3A%2F%2Fowent.pl%2Fwp-content%2Fuploads%2F2021%2F09%2FMANUAL_OWENT_2021.pdf|target:_blank&#8221;][\/vc_column][vc_column width=&#8221;2\/4&#8243;][vc_custom_heading heading_semantic=&#8221;h3&#8243; text_size=&#8221;h5&#8243; text_weight=&#8221;600&#8243; text_color=&#8221;accent&#8221;]MANUAL[\/vc_custom_heading][\/vc_column][vc_column column_width_percent=&#8221;100&#8243; position_vertical=&#8221;middle&#8221; gutter_size=&#8221;3&#8243; overlay_alpha=&#8221;50&#8243; shift_x=&#8221;0&#8243; shift_y=&#8221;0&#8243; shift_y_down=&#8221;0&#8243; z_index=&#8221;0&#8243; medium_width=&#8221;0&#8243; mobile_width=&#8221;0&#8243; width=&#8221;1\/4&#8243;][vc_button button_color=&#8221;color-vyce&#8221; radius=&#8221;btn-circle&#8221; border_width=&#8221;0&#8243; link=&#8221;url:https%3A%2F%2Fowent.pl%2Fwp-content%2Fuploads%2F2021%2F09%2FMANUAL_OWENT_2021.pdf|target:_blank&#8221; icon=&#8221;fa fa-download&#8221;]POBIERZ[\/vc_button][\/vc_column][\/vc_row][vc_row row_height_percent=&#8221;0&#8243; override_padding=&#8221;yes&#8221; h_padding=&#8221;2&#8243; top_padding=&#8221;2&#8243; bottom_padding=&#8221;1&#8243; overlay_alpha=&#8221;50&#8243; gutter_size=&#8221;3&#8243; column_width_percent=&#8221;100&#8243; shift_y=&#8221;0&#8243; z_index=&#8221;0&#8243; row_name=&#8221;Events&#8221;][vc_column column_width_percent=&#8221;100&#8243; gutter_size=&#8221;3&#8243; style=&#8221;light&#8221; overlay_alpha=&#8221;50&#8243; shift_x=&#8221;0&#8243; shift_y=&#8221;0&#8243; shift_y_down=&#8221;0&#8243; z_index=&#8221;0&#8243; medium_width=&#8221;0&#8243; mobile_width=&#8221;0&#8243; width=&#8221;1\/1&#8243;][vc_row_inner][vc_column_inner column_width_use_pixel=&#8221;yes&#8221; align_horizontal=&#8221;align_center&#8221; gutter_size=&#8221;3&#8243; overlay_alpha=&#8221;50&#8243; shift_x=&#8221;0&#8243; shift_y=&#8221;0&#8243; shift_y_down=&#8221;0&#8243; z_index=&#8221;0&#8243; medium_width=&#8221;0&#8243; mobile_width=&#8221;0&#8243; width=&#8221;1\/1&#8243; column_width_pixel=&#8221;700&#8243;][vc_custom_heading text_size=&#8221;h1&#8243; text_weight=&#8221;600&#8243; text_color=&#8221;accent&#8221; sub_lead=&#8221;yes&#8221;]CATALOG (English version)[\/vc_custom_heading][\/vc_column_inner][\/vc_row_inner][vc_separator][\/vc_column][\/vc_row][vc_row][vc_column width=&#8221;1\/4&#8243;][vc_single_image media=&#8221;84019&#8243; media_width_percent=&#8221;100&#8243; border=&#8221;yes&#8221; shadow=&#8221;yes&#8221; advanced=&#8221;yes&#8221; media_overlay_color=&#8221;color-vyce&#8221; media_overlay_opacity=&#8221;30&#8243; media_padding=&#8221;2&#8243; media_link=&#8221;url:https%3A%2F%2Fowent.pl%2Fwp-content%2Fuploads%2F2020%2F12%2F09.-Katalog-zbiorczy-wentylatorow-V.ANGIELSKA-2020-EN.pdf||target:%20_blank|&#8221;][\/vc_column][vc_column width=&#8221;2\/4&#8243;][vc_custom_heading heading_semantic=&#8221;h3&#8243; text_size=&#8221;h5&#8243; text_weight=&#8221;600&#8243; text_color=&#8221;accent&#8221;]Industrial fans single and double type[\/vc_custom_heading][\/vc_column][vc_column column_width_percent=&#8221;100&#8243; position_vertical=&#8221;middle&#8221; gutter_size=&#8221;3&#8243; overlay_alpha=&#8221;50&#8243; shift_x=&#8221;0&#8243; shift_y=&#8221;0&#8243; shift_y_down=&#8221;0&#8243; z_index=&#8221;0&#8243; medium_width=&#8221;0&#8243; mobile_width=&#8221;0&#8243; width=&#8221;1\/4&#8243;][vc_button button_color=&#8221;color-vyce&#8221; radius=&#8221;btn-circle&#8221; border_width=&#8221;0&#8243; link=&#8221;url:https%3A%2F%2Fowent.pl%2Fwp-content%2Fuploads%2F2020%2F12%2F09.-Katalog-zbiorczy-wentylatorow-V.ANGIELSKA-2020-EN.pdf||target:%20_blank|&#8221; icon=&#8221;fa fa-download&#8221;]POBIERZ[\/vc_button][\/vc_column][\/vc_row]<\/p>\n<\/div>","protected":false},"excerpt":{"rendered":"<p>[vc_row row_height_percent=&#8221;0&#8243; override_padding=&#8221;yes&#8221; h_padding=&#8221;2&#8243; top_padding=&#8221;2&#8243; bottom_padding=&#8221;1&#8243; overlay_alpha=&#8221;50&#8243; gutter_size=&#8221;3&#8243; column_width_percent=&#8221;100&#8243; shift_y=&#8221;0&#8243; z_index=&#8221;0&#8243; row_name=&#8221;Events&#8221;][vc_column column_width_percent=&#8221;100&#8243; gutter_size=&#8221;3&#8243; style=&#8221;light&#8221; overlay_alpha=&#8221;50&#8243; shift_x=&#8221;0&#8243; shift_y=&#8221;0&#8243; shift_y_down=&#8221;0&#8243; z_index=&#8221;0&#8243; [&hellip;]<\/p>\n","protected":false},"author":1,"featured_media":0,"parent":0,"menu_order":0,"comment_status":"closed","ping_status":"closed","template":"","meta":{"footnotes":""},"class_list":["post-84455","page","type-page","status-publish","hentry"],"yoast_head":"<!-- This site is optimized with the Yoast SEO plugin v25.6 - https:\/\/yoast.com\/wordpress\/plugins\/seo\/ -->\n<title>DOWNLOAD - Producent wentylator\u00f3w przemys\u0142owych OWENT<\/title>\n<meta name=\"robots\" content=\"index, follow, max-snippet:-1, max-image-preview:large, max-video-preview:-1\" \/>\n<link rel=\"canonical\" href=\"https:\/\/owent.pl\/en\/download\/\" \/>\n<meta property=\"og:locale\" content=\"en_US\" \/>\n<meta property=\"og:type\" content=\"article\" \/>\n<meta property=\"og:title\" content=\"DOWNLOAD - Producent wentylator\u00f3w przemys\u0142owych OWENT\" \/>\n<meta property=\"og:description\" content=\"[vc_row row_height_percent=&#8221;0&#8243; override_padding=&#8221;yes&#8221; h_padding=&#8221;2&#8243; top_padding=&#8221;2&#8243; bottom_padding=&#8221;1&#8243; overlay_alpha=&#8221;50&#8243; gutter_size=&#8221;3&#8243; column_width_percent=&#8221;100&#8243; shift_y=&#8221;0&#8243; z_index=&#8221;0&#8243; row_name=&#8221;Events&#8221;][vc_column column_width_percent=&#8221;100&#8243; gutter_size=&#8221;3&#8243; style=&#8221;light&#8221; overlay_alpha=&#8221;50&#8243; shift_x=&#8221;0&#8243; shift_y=&#8221;0&#8243; shift_y_down=&#8221;0&#8243; z_index=&#8221;0&#8243; [&hellip;]\" \/>\n<meta property=\"og:url\" content=\"https:\/\/owent.pl\/en\/download\/\" \/>\n<meta property=\"og:site_name\" content=\"OWENT | Produkujemy nowoczesne wentylatory dla r\u00f3\u017cnych ga\u0142\u0119zi gospodarki.\" \/>\n<meta property=\"article:modified_time\" content=\"2021-09-06T06:24:32+00:00\" \/>\n<meta name=\"twitter:card\" content=\"summary_large_image\" \/>\n<meta name=\"twitter:label1\" content=\"Est. reading time\" \/>\n\t<meta name=\"twitter:data1\" content=\"2 minutes\" \/>\n<script type=\"application\/ld+json\" class=\"yoast-schema-graph\">{\"@context\":\"https:\/\/schema.org\",\"@graph\":[{\"@type\":\"WebPage\",\"@id\":\"https:\/\/owent.pl\/en\/download\/\",\"url\":\"https:\/\/owent.pl\/en\/download\/\",\"name\":\"DOWNLOAD - Producent wentylator\u00f3w przemys\u0142owych OWENT\",\"isPartOf\":{\"@id\":\"https:\/\/owent.pl\/#website\"},\"datePublished\":\"2020-08-15T10:10:53+00:00\",\"dateModified\":\"2021-09-06T06:24:32+00:00\",\"breadcrumb\":{\"@id\":\"https:\/\/owent.pl\/en\/download\/#breadcrumb\"},\"inLanguage\":\"en-US\",\"potentialAction\":[{\"@type\":\"ReadAction\",\"target\":[\"https:\/\/owent.pl\/en\/download\/\"]}]},{\"@type\":\"BreadcrumbList\",\"@id\":\"https:\/\/owent.pl\/en\/download\/#breadcrumb\",\"itemListElement\":[{\"@type\":\"ListItem\",\"position\":1,\"name\":\"Wentylatory przemys\u0142owe\",\"item\":\"https:\/\/owent.pl\/en\/\"},{\"@type\":\"ListItem\",\"position\":2,\"name\":\"DOWNLOAD\"}]},{\"@type\":\"WebSite\",\"@id\":\"https:\/\/owent.pl\/#website\",\"url\":\"https:\/\/owent.pl\/\",\"name\":\"OWENT | Produkujemy nowoczesne wentylatory dla r\u00f3\u017cnych ga\u0142\u0119zi gospodarki.\",\"description\":\"Cho\u0107 technologie zmieniaj\u0105 si\u0119, w OWENCIE dbamy od ponad 75 lat o te same warto\u015bci - jako\u015b\u0107 produkt\u00f3w i zadowolenie Klient\u00f3w\",\"potentialAction\":[{\"@type\":\"SearchAction\",\"target\":{\"@type\":\"EntryPoint\",\"urlTemplate\":\"https:\/\/owent.pl\/?s={search_term_string}\"},\"query-input\":{\"@type\":\"PropertyValueSpecification\",\"valueRequired\":true,\"valueName\":\"search_term_string\"}}],\"inLanguage\":\"en-US\"}]}<\/script>\n<!-- \/ Yoast SEO plugin. -->","yoast_head_json":{"title":"DOWNLOAD - Producent wentylator\u00f3w przemys\u0142owych OWENT","robots":{"index":"index","follow":"follow","max-snippet":"max-snippet:-1","max-image-preview":"max-image-preview:large","max-video-preview":"max-video-preview:-1"},"canonical":"https:\/\/owent.pl\/en\/download\/","og_locale":"en_US","og_type":"article","og_title":"DOWNLOAD - Producent wentylator\u00f3w przemys\u0142owych OWENT","og_description":"[vc_row row_height_percent=&#8221;0&#8243; override_padding=&#8221;yes&#8221; h_padding=&#8221;2&#8243; top_padding=&#8221;2&#8243; bottom_padding=&#8221;1&#8243; overlay_alpha=&#8221;50&#8243; gutter_size=&#8221;3&#8243; column_width_percent=&#8221;100&#8243; shift_y=&#8221;0&#8243; z_index=&#8221;0&#8243; row_name=&#8221;Events&#8221;][vc_column column_width_percent=&#8221;100&#8243; gutter_size=&#8221;3&#8243; style=&#8221;light&#8221; overlay_alpha=&#8221;50&#8243; shift_x=&#8221;0&#8243; shift_y=&#8221;0&#8243; shift_y_down=&#8221;0&#8243; z_index=&#8221;0&#8243; [&hellip;]","og_url":"https:\/\/owent.pl\/en\/download\/","og_site_name":"OWENT | Produkujemy nowoczesne wentylatory dla r\u00f3\u017cnych ga\u0142\u0119zi gospodarki.","article_modified_time":"2021-09-06T06:24:32+00:00","twitter_card":"summary_large_image","twitter_misc":{"Est. reading time":"2 minutes"},"schema":{"@context":"https:\/\/schema.org","@graph":[{"@type":"WebPage","@id":"https:\/\/owent.pl\/en\/download\/","url":"https:\/\/owent.pl\/en\/download\/","name":"DOWNLOAD - Producent wentylator\u00f3w przemys\u0142owych OWENT","isPartOf":{"@id":"https:\/\/owent.pl\/#website"},"datePublished":"2020-08-15T10:10:53+00:00","dateModified":"2021-09-06T06:24:32+00:00","breadcrumb":{"@id":"https:\/\/owent.pl\/en\/download\/#breadcrumb"},"inLanguage":"en-US","potentialAction":[{"@type":"ReadAction","target":["https:\/\/owent.pl\/en\/download\/"]}]},{"@type":"BreadcrumbList","@id":"https:\/\/owent.pl\/en\/download\/#breadcrumb","itemListElement":[{"@type":"ListItem","position":1,"name":"Wentylatory przemys\u0142owe","item":"https:\/\/owent.pl\/en\/"},{"@type":"ListItem","position":2,"name":"DOWNLOAD"}]},{"@type":"WebSite","@id":"https:\/\/owent.pl\/#website","url":"https:\/\/owent.pl\/","name":"OWENT | Produkujemy nowoczesne wentylatory dla r\u00f3\u017cnych ga\u0142\u0119zi gospodarki.","description":"Cho\u0107 technologie zmieniaj\u0105 si\u0119, w OWENCIE dbamy od ponad 75 lat o te same warto\u015bci - jako\u015b\u0107 produkt\u00f3w i zadowolenie Klient\u00f3w","potentialAction":[{"@type":"SearchAction","target":{"@type":"EntryPoint","urlTemplate":"https:\/\/owent.pl\/?s={search_term_string}"},"query-input":{"@type":"PropertyValueSpecification","valueRequired":true,"valueName":"search_term_string"}}],"inLanguage":"en-US"}]}},"_links":{"self":[{"href":"https:\/\/owent.pl\/en\/wp-json\/wp\/v2\/pages\/84455","targetHints":{"allow":["GET"]}}],"collection":[{"href":"https:\/\/owent.pl\/en\/wp-json\/wp\/v2\/pages"}],"about":[{"href":"https:\/\/owent.pl\/en\/wp-json\/wp\/v2\/types\/page"}],"author":[{"embeddable":true,"href":"https:\/\/owent.pl\/en\/wp-json\/wp\/v2\/users\/1"}],"replies":[{"embeddable":true,"href":"https:\/\/owent.pl\/en\/wp-json\/wp\/v2\/comments?post=84455"}],"version-history":[{"count":14,"href":"https:\/\/owent.pl\/en\/wp-json\/wp\/v2\/pages\/84455\/revisions"}],"predecessor-version":[{"id":85026,"href":"https:\/\/owent.pl\/en\/wp-json\/wp\/v2\/pages\/84455\/revisions\/85026"}],"wp:attachment":[{"href":"https:\/\/owent.pl\/en\/wp-json\/wp\/v2\/media?parent=84455"}],"curies":[{"name":"wp","href":"https:\/\/api.w.org\/{rel}","templated":true}]}}