{"id":84459,"date":"2020-12-05T11:26:08","date_gmt":"2020-12-05T11:26:08","guid":{"rendered":"https:\/\/owent.pl\/oferta\/hutnictwo-odlewnictwo\/"},"modified":"2021-06-14T21:00:37","modified_gmt":"2021-06-14T21:00:37","slug":"metal-industry","status":"publish","type":"page","link":"https:\/\/owent.pl\/en\/offer\/metal-industry\/","title":{"rendered":"Metal industry"},"content":{"rendered":"<div class=\"wpb-content-wrapper\"><p>[vc_row row_height_percent=&#8221;0&#8243; override_padding=&#8221;yes&#8221; h_padding=&#8221;2&#8243; top_padding=&#8221;5&#8243; bottom_padding=&#8221;5&#8243; back_color=&#8221;color-lxmt&#8221; overlay_alpha=&#8221;50&#8243; equal_height=&#8221;yes&#8221; gutter_size=&#8221;4&#8243; column_width_percent=&#8221;100&#8243; shift_y=&#8221;0&#8243; z_index=&#8221;0&#8243; el_class=&#8221;inverted-device-order&#8221;][vc_column column_width_percent=&#8221;100&#8243; position_vertical=&#8221;middle&#8221; gutter_size=&#8221;3&#8243; overlay_alpha=&#8221;50&#8243; shift_x=&#8221;0&#8243; shift_y=&#8221;0&#8243; shift_y_down=&#8221;0&#8243; z_index=&#8221;0&#8243; medium_width=&#8221;0&#8243; mobile_width=&#8221;0&#8243; width=&#8221;7\/12&#8243;][vc_custom_heading heading_semantic=&#8221;h3&#8243; text_size=&#8221;h1&#8243; text_color=&#8221;accent&#8221;]Metal and glass industry[\/vc_custom_heading][vc_column_text text_lead=&#8221;yes&#8221;]In this sector there is a need for durable fans, resistant to high temperatures.<br \/>\nThe users of OWENT products include steelworks, glassworks, copper smelters, aluminium smelters, and zinc smelters.[\/vc_column_text][vc_empty_space empty_h=&#8221;2&#8243;][vc_column_text]<strong>Fans used:<\/strong><\/p>\n<p>\u2013 for dust collectors: WWOAX WPWX WPWS WPWDS<br \/>\n\u2013 for metallurgical processes: WWOAX WP WPFO\u00a0 KAP WPNL<br \/>\n\u2013 for gas burners: WP WPFO KAP WPNL[\/vc_column_text][\/vc_column][vc_column width=&#8221;5\/12&#8243;][vc_single_image media=&#8221;84076&#8243; media_width_percent=&#8221;100&#8243;][\/vc_column][\/vc_row][vc_row row_height_percent=&#8221;0&#8243; override_padding=&#8221;yes&#8221; h_padding=&#8221;2&#8243; top_padding=&#8221;2&#8243; bottom_padding=&#8221;2&#8243; overlay_alpha=&#8221;50&#8243; gutter_size=&#8221;2&#8243; column_width_percent=&#8221;100&#8243; shift_y=&#8221;0&#8243; z_index=&#8221;0&#8243;][vc_column column_width_percent=&#8221;100&#8243; align_horizontal=&#8221;align_center&#8221; gutter_size=&#8221;4&#8243; overlay_alpha=&#8221;50&#8243; shift_x=&#8221;0&#8243; shift_y=&#8221;0&#8243; shift_y_down=&#8221;0&#8243; z_index=&#8221;0&#8243; medium_width=&#8221;0&#8243; mobile_width=&#8221;0&#8243; width=&#8221;1\/1&#8243;][vc_custom_heading text_size=&#8221;h3&#8243; text_color=&#8221;color-vyce&#8221;]SEE COMPLETED PROJECTS IN METAL AND GLASS INDUSTRY[\/vc_custom_heading][uncode_index el_id=&#8221;index-331138487&#8243; index_type=&#8221;carousel&#8221; loop=&#8221;size:7|order_by:date|post_type:portfolio|tax_query:19&#8243; carousel_lg=&#8221;3&#8243; carousel_md=&#8221;2&#8243; carousel_sm=&#8221;1&#8243; thumb_size=&#8221;four-three&#8221; gutter_size=&#8221;2&#8243; post_items=&#8221;media|featured|onpost|poster,date,title,text|excerpt|90,category|bordered|topright|hide-icon&#8221; portfolio_items=&#8221;media|featured|onpost|original,title&#8221; carousel_interval=&#8221;3000&#8243; carousel_navspeed=&#8221;400&#8243; carousel_dots=&#8221;yes&#8221; carousel_dots_mobile=&#8221;yes&#8221; stage_padding=&#8221;0&#8243; single_text=&#8221;overlay&#8221; single_overlay_color=&#8221;color-wayh&#8221; single_overlay_opacity=&#8221;50&#8243; single_image_anim=&#8221;no&#8221; single_h_align=&#8221;center&#8221; single_padding=&#8221;2&#8243; single_title_dimension=&#8221;h5&#8243; single_border=&#8221;yes&#8221;][\/vc_column][\/vc_row]<\/p>\n<\/div>","protected":false},"excerpt":{"rendered":"<p>[vc_row row_height_percent=&#8221;0&#8243; override_padding=&#8221;yes&#8221; h_padding=&#8221;2&#8243; top_padding=&#8221;5&#8243; bottom_padding=&#8221;5&#8243; back_color=&#8221;color-lxmt&#8221; overlay_alpha=&#8221;50&#8243; equal_height=&#8221;yes&#8221; gutter_size=&#8221;4&#8243; column_width_percent=&#8221;100&#8243; shift_y=&#8221;0&#8243; z_index=&#8221;0&#8243; el_class=&#8221;inverted-device-order&#8221;][vc_column column_width_percent=&#8221;100&#8243; position_vertical=&#8221;middle&#8221; gutter_size=&#8221;3&#8243; overlay_alpha=&#8221;50&#8243; shift_x=&#8221;0&#8243; shift_y=&#8221;0&#8243; [&hellip;]<\/p>\n","protected":false},"author":1,"featured_media":0,"parent":84420,"menu_order":0,"comment_status":"closed","ping_status":"closed","template":"","meta":{"footnotes":""},"class_list":["post-84459","page","type-page","status-publish","hentry"],"yoast_head":"<!-- This site is optimized with the Yoast SEO plugin v25.6 - https:\/\/yoast.com\/wordpress\/plugins\/seo\/ -->\n<title>Metal industry - Producent wentylator\u00f3w przemys\u0142owych OWENT<\/title>\n<meta name=\"robots\" content=\"index, follow, max-snippet:-1, max-image-preview:large, max-video-preview:-1\" \/>\n<link rel=\"canonical\" href=\"https:\/\/owent.pl\/en\/offer\/metal-industry\/\" \/>\n<meta property=\"og:locale\" content=\"en_US\" \/>\n<meta property=\"og:type\" content=\"article\" \/>\n<meta property=\"og:title\" content=\"Metal industry - Producent wentylator\u00f3w przemys\u0142owych OWENT\" \/>\n<meta property=\"og:description\" content=\"[vc_row row_height_percent=&#8221;0&#8243; override_padding=&#8221;yes&#8221; h_padding=&#8221;2&#8243; top_padding=&#8221;5&#8243; bottom_padding=&#8221;5&#8243; back_color=&#8221;color-lxmt&#8221; overlay_alpha=&#8221;50&#8243; equal_height=&#8221;yes&#8221; gutter_size=&#8221;4&#8243; column_width_percent=&#8221;100&#8243; shift_y=&#8221;0&#8243; z_index=&#8221;0&#8243; el_class=&#8221;inverted-device-order&#8221;][vc_column column_width_percent=&#8221;100&#8243; position_vertical=&#8221;middle&#8221; gutter_size=&#8221;3&#8243; overlay_alpha=&#8221;50&#8243; shift_x=&#8221;0&#8243; shift_y=&#8221;0&#8243; [&hellip;]\" \/>\n<meta property=\"og:url\" content=\"https:\/\/owent.pl\/en\/offer\/metal-industry\/\" \/>\n<meta property=\"og:site_name\" content=\"OWENT | Produkujemy nowoczesne wentylatory dla r\u00f3\u017cnych ga\u0142\u0119zi gospodarki.\" \/>\n<meta property=\"article:modified_time\" content=\"2021-06-14T21:00:37+00:00\" \/>\n<meta name=\"twitter:card\" content=\"summary_large_image\" \/>\n<meta name=\"twitter:label1\" content=\"Est. reading time\" \/>\n\t<meta name=\"twitter:data1\" content=\"2 minutes\" \/>\n<script type=\"application\/ld+json\" class=\"yoast-schema-graph\">{\"@context\":\"https:\/\/schema.org\",\"@graph\":[{\"@type\":\"WebPage\",\"@id\":\"https:\/\/owent.pl\/en\/offer\/metal-industry\/\",\"url\":\"https:\/\/owent.pl\/en\/offer\/metal-industry\/\",\"name\":\"Metal industry - Producent wentylator\u00f3w przemys\u0142owych OWENT\",\"isPartOf\":{\"@id\":\"https:\/\/owent.pl\/#website\"},\"datePublished\":\"2020-12-05T11:26:08+00:00\",\"dateModified\":\"2021-06-14T21:00:37+00:00\",\"breadcrumb\":{\"@id\":\"https:\/\/owent.pl\/en\/offer\/metal-industry\/#breadcrumb\"},\"inLanguage\":\"en-US\",\"potentialAction\":[{\"@type\":\"ReadAction\",\"target\":[\"https:\/\/owent.pl\/en\/offer\/metal-industry\/\"]}]},{\"@type\":\"BreadcrumbList\",\"@id\":\"https:\/\/owent.pl\/en\/offer\/metal-industry\/#breadcrumb\",\"itemListElement\":[{\"@type\":\"ListItem\",\"position\":1,\"name\":\"Wentylatory przemys\u0142owe\",\"item\":\"https:\/\/owent.pl\/en\/\"},{\"@type\":\"ListItem\",\"position\":2,\"name\":\"OFFER\",\"item\":\"https:\/\/owent.pl\/en\/offer\/\"},{\"@type\":\"ListItem\",\"position\":3,\"name\":\"Metal industry\"}]},{\"@type\":\"WebSite\",\"@id\":\"https:\/\/owent.pl\/#website\",\"url\":\"https:\/\/owent.pl\/\",\"name\":\"OWENT | Produkujemy nowoczesne wentylatory dla r\u00f3\u017cnych ga\u0142\u0119zi gospodarki.\",\"description\":\"Cho\u0107 technologie zmieniaj\u0105 si\u0119, w OWENCIE dbamy od ponad 75 lat o te same warto\u015bci - jako\u015b\u0107 produkt\u00f3w i zadowolenie Klient\u00f3w\",\"potentialAction\":[{\"@type\":\"SearchAction\",\"target\":{\"@type\":\"EntryPoint\",\"urlTemplate\":\"https:\/\/owent.pl\/?s={search_term_string}\"},\"query-input\":{\"@type\":\"PropertyValueSpecification\",\"valueRequired\":true,\"valueName\":\"search_term_string\"}}],\"inLanguage\":\"en-US\"}]}<\/script>\n<!-- \/ Yoast SEO plugin. -->","yoast_head_json":{"title":"Metal industry - Producent wentylator\u00f3w przemys\u0142owych OWENT","robots":{"index":"index","follow":"follow","max-snippet":"max-snippet:-1","max-image-preview":"max-image-preview:large","max-video-preview":"max-video-preview:-1"},"canonical":"https:\/\/owent.pl\/en\/offer\/metal-industry\/","og_locale":"en_US","og_type":"article","og_title":"Metal industry - Producent wentylator\u00f3w przemys\u0142owych OWENT","og_description":"[vc_row row_height_percent=&#8221;0&#8243; override_padding=&#8221;yes&#8221; h_padding=&#8221;2&#8243; top_padding=&#8221;5&#8243; bottom_padding=&#8221;5&#8243; back_color=&#8221;color-lxmt&#8221; overlay_alpha=&#8221;50&#8243; equal_height=&#8221;yes&#8221; gutter_size=&#8221;4&#8243; column_width_percent=&#8221;100&#8243; shift_y=&#8221;0&#8243; z_index=&#8221;0&#8243; el_class=&#8221;inverted-device-order&#8221;][vc_column column_width_percent=&#8221;100&#8243; position_vertical=&#8221;middle&#8221; gutter_size=&#8221;3&#8243; overlay_alpha=&#8221;50&#8243; shift_x=&#8221;0&#8243; shift_y=&#8221;0&#8243; [&hellip;]","og_url":"https:\/\/owent.pl\/en\/offer\/metal-industry\/","og_site_name":"OWENT | Produkujemy nowoczesne wentylatory dla r\u00f3\u017cnych ga\u0142\u0119zi gospodarki.","article_modified_time":"2021-06-14T21:00:37+00:00","twitter_card":"summary_large_image","twitter_misc":{"Est. reading time":"2 minutes"},"schema":{"@context":"https:\/\/schema.org","@graph":[{"@type":"WebPage","@id":"https:\/\/owent.pl\/en\/offer\/metal-industry\/","url":"https:\/\/owent.pl\/en\/offer\/metal-industry\/","name":"Metal industry - Producent wentylator\u00f3w przemys\u0142owych OWENT","isPartOf":{"@id":"https:\/\/owent.pl\/#website"},"datePublished":"2020-12-05T11:26:08+00:00","dateModified":"2021-06-14T21:00:37+00:00","breadcrumb":{"@id":"https:\/\/owent.pl\/en\/offer\/metal-industry\/#breadcrumb"},"inLanguage":"en-US","potentialAction":[{"@type":"ReadAction","target":["https:\/\/owent.pl\/en\/offer\/metal-industry\/"]}]},{"@type":"BreadcrumbList","@id":"https:\/\/owent.pl\/en\/offer\/metal-industry\/#breadcrumb","itemListElement":[{"@type":"ListItem","position":1,"name":"Wentylatory przemys\u0142owe","item":"https:\/\/owent.pl\/en\/"},{"@type":"ListItem","position":2,"name":"OFFER","item":"https:\/\/owent.pl\/en\/offer\/"},{"@type":"ListItem","position":3,"name":"Metal industry"}]},{"@type":"WebSite","@id":"https:\/\/owent.pl\/#website","url":"https:\/\/owent.pl\/","name":"OWENT | Produkujemy nowoczesne wentylatory dla r\u00f3\u017cnych ga\u0142\u0119zi gospodarki.","description":"Cho\u0107 technologie zmieniaj\u0105 si\u0119, w OWENCIE dbamy od ponad 75 lat o te same warto\u015bci - jako\u015b\u0107 produkt\u00f3w i zadowolenie Klient\u00f3w","potentialAction":[{"@type":"SearchAction","target":{"@type":"EntryPoint","urlTemplate":"https:\/\/owent.pl\/?s={search_term_string}"},"query-input":{"@type":"PropertyValueSpecification","valueRequired":true,"valueName":"search_term_string"}}],"inLanguage":"en-US"}]}},"_links":{"self":[{"href":"https:\/\/owent.pl\/en\/wp-json\/wp\/v2\/pages\/84459","targetHints":{"allow":["GET"]}}],"collection":[{"href":"https:\/\/owent.pl\/en\/wp-json\/wp\/v2\/pages"}],"about":[{"href":"https:\/\/owent.pl\/en\/wp-json\/wp\/v2\/types\/page"}],"author":[{"embeddable":true,"href":"https:\/\/owent.pl\/en\/wp-json\/wp\/v2\/users\/1"}],"replies":[{"embeddable":true,"href":"https:\/\/owent.pl\/en\/wp-json\/wp\/v2\/comments?post=84459"}],"version-history":[{"count":3,"href":"https:\/\/owent.pl\/en\/wp-json\/wp\/v2\/pages\/84459\/revisions"}],"predecessor-version":[{"id":84518,"href":"https:\/\/owent.pl\/en\/wp-json\/wp\/v2\/pages\/84459\/revisions\/84518"}],"up":[{"embeddable":true,"href":"https:\/\/owent.pl\/en\/wp-json\/wp\/v2\/pages\/84420"}],"wp:attachment":[{"href":"https:\/\/owent.pl\/en\/wp-json\/wp\/v2\/media?parent=84459"}],"curies":[{"name":"wp","href":"https:\/\/api.w.org\/{rel}","templated":true}]}}