{"id":84473,"date":"2020-12-19T11:46:16","date_gmt":"2020-12-19T11:46:16","guid":{"rendered":"https:\/\/owent.pl\/referencje\/"},"modified":"2021-06-14T15:36:00","modified_gmt":"2021-06-14T15:36:00","slug":"testimonials","status":"publish","type":"page","link":"https:\/\/owent.pl\/en\/testimonials\/","title":{"rendered":"TESTIMONIALS"},"content":{"rendered":"<div class=\"wpb-content-wrapper\"><p>[vc_row unlock_row_content=&#8221;yes&#8221; row_height_percent=&#8221;0&#8243; override_padding=&#8221;yes&#8221; h_padding=&#8221;3&#8243; top_padding=&#8221;3&#8243; bottom_padding=&#8221;3&#8243; overlay_alpha=&#8221;50&#8243; gutter_size=&#8221;2&#8243; column_width_percent=&#8221;100&#8243; shift_y=&#8221;0&#8243; z_index=&#8221;0&#8243;][vc_column column_width_percent=&#8221;100&#8243; gutter_size=&#8221;4&#8243; overlay_alpha=&#8221;50&#8243; shift_x=&#8221;0&#8243; shift_y=&#8221;0&#8243; shift_y_down=&#8221;0&#8243; z_index=&#8221;0&#8243; medium_width=&#8221;0&#8243; mobile_width=&#8221;0&#8243; width=&#8221;1\/1&#8243;][uncode_index el_id=&#8221;index-581783158&#8243; isotope_mode=&#8221;fitRows&#8221; loop=&#8221;size:All|order_by:date|post_type:post&#8221; filtering=&#8221;yes&#8221; filtering_position=&#8221;center&#8221; filtering_uppercase=&#8221;yes&#8221; filter_mobile=&#8221;yes&#8221; infinite=&#8221;yes&#8221; footer_back_color=&#8221;color-vyce&#8221; gutter_size=&#8221;3&#8243; post_items=&#8221;media|featured|onpost|poster,title&#8221; portfolio_items=&#8221;media|featured|onpost|original,title,icon|sm&#8221; screen_lg=&#8221;1000&#8243; screen_md=&#8221;600&#8243; screen_sm=&#8221;480&#8243; single_width=&#8221;3&#8243; images_size=&#8221;two-three&#8221; single_overlay_color=&#8221;color-wayh&#8221; single_overlay_opacity=&#8221;50&#8243; single_h_align=&#8221;center&#8221; single_padding=&#8221;1&#8243; single_title_dimension=&#8221;h6&#8243; single_shadow=&#8221;yes&#8221; single_icon=&#8221;fa fa-plus2&#8243;][\/vc_column][\/vc_row]<\/p>\n<\/div>","protected":false},"excerpt":{"rendered":"<p>[vc_row unlock_row_content=&#8221;yes&#8221; row_height_percent=&#8221;0&#8243; override_padding=&#8221;yes&#8221; h_padding=&#8221;3&#8243; top_padding=&#8221;3&#8243; bottom_padding=&#8221;3&#8243; overlay_alpha=&#8221;50&#8243; gutter_size=&#8221;2&#8243; column_width_percent=&#8221;100&#8243; shift_y=&#8221;0&#8243; z_index=&#8221;0&#8243;][vc_column column_width_percent=&#8221;100&#8243; gutter_size=&#8221;4&#8243; overlay_alpha=&#8221;50&#8243; shift_x=&#8221;0&#8243; shift_y=&#8221;0&#8243; shift_y_down=&#8221;0&#8243; z_index=&#8221;0&#8243; medium_width=&#8221;0&#8243; [&hellip;]<\/p>\n","protected":false},"author":1,"featured_media":0,"parent":0,"menu_order":0,"comment_status":"closed","ping_status":"closed","template":"","meta":{"footnotes":""},"class_list":["post-84473","page","type-page","status-publish","hentry"],"yoast_head":"<!-- This site is optimized with the Yoast SEO plugin v25.6 - https:\/\/yoast.com\/wordpress\/plugins\/seo\/ -->\n<title>TESTIMONIALS - Producent wentylator\u00f3w przemys\u0142owych OWENT<\/title>\n<meta name=\"robots\" content=\"index, follow, max-snippet:-1, max-image-preview:large, max-video-preview:-1\" \/>\n<link rel=\"canonical\" href=\"https:\/\/owent.pl\/en\/testimonials\/\" \/>\n<meta property=\"og:locale\" content=\"en_US\" \/>\n<meta property=\"og:type\" content=\"article\" \/>\n<meta property=\"og:title\" content=\"TESTIMONIALS - Producent wentylator\u00f3w przemys\u0142owych OWENT\" \/>\n<meta property=\"og:description\" content=\"[vc_row unlock_row_content=&#8221;yes&#8221; row_height_percent=&#8221;0&#8243; override_padding=&#8221;yes&#8221; h_padding=&#8221;3&#8243; top_padding=&#8221;3&#8243; bottom_padding=&#8221;3&#8243; overlay_alpha=&#8221;50&#8243; gutter_size=&#8221;2&#8243; column_width_percent=&#8221;100&#8243; shift_y=&#8221;0&#8243; z_index=&#8221;0&#8243;][vc_column column_width_percent=&#8221;100&#8243; gutter_size=&#8221;4&#8243; overlay_alpha=&#8221;50&#8243; shift_x=&#8221;0&#8243; shift_y=&#8221;0&#8243; shift_y_down=&#8221;0&#8243; z_index=&#8221;0&#8243; medium_width=&#8221;0&#8243; [&hellip;]\" \/>\n<meta property=\"og:url\" content=\"https:\/\/owent.pl\/en\/testimonials\/\" \/>\n<meta property=\"og:site_name\" content=\"OWENT | Produkujemy nowoczesne wentylatory dla r\u00f3\u017cnych ga\u0142\u0119zi gospodarki.\" \/>\n<meta property=\"article:modified_time\" content=\"2021-06-14T15:36:00+00:00\" \/>\n<meta name=\"twitter:card\" content=\"summary_large_image\" \/>\n<meta name=\"twitter:label1\" content=\"Est. reading time\" \/>\n\t<meta name=\"twitter:data1\" content=\"1 minute\" \/>\n<script type=\"application\/ld+json\" class=\"yoast-schema-graph\">{\"@context\":\"https:\/\/schema.org\",\"@graph\":[{\"@type\":\"WebPage\",\"@id\":\"https:\/\/owent.pl\/en\/testimonials\/\",\"url\":\"https:\/\/owent.pl\/en\/testimonials\/\",\"name\":\"TESTIMONIALS - Producent wentylator\u00f3w przemys\u0142owych OWENT\",\"isPartOf\":{\"@id\":\"https:\/\/owent.pl\/#website\"},\"datePublished\":\"2020-12-19T11:46:16+00:00\",\"dateModified\":\"2021-06-14T15:36:00+00:00\",\"breadcrumb\":{\"@id\":\"https:\/\/owent.pl\/en\/testimonials\/#breadcrumb\"},\"inLanguage\":\"en-US\",\"potentialAction\":[{\"@type\":\"ReadAction\",\"target\":[\"https:\/\/owent.pl\/en\/testimonials\/\"]}]},{\"@type\":\"BreadcrumbList\",\"@id\":\"https:\/\/owent.pl\/en\/testimonials\/#breadcrumb\",\"itemListElement\":[{\"@type\":\"ListItem\",\"position\":1,\"name\":\"Wentylatory przemys\u0142owe\",\"item\":\"https:\/\/owent.pl\/en\/\"},{\"@type\":\"ListItem\",\"position\":2,\"name\":\"TESTIMONIALS\"}]},{\"@type\":\"WebSite\",\"@id\":\"https:\/\/owent.pl\/#website\",\"url\":\"https:\/\/owent.pl\/\",\"name\":\"OWENT | Produkujemy nowoczesne wentylatory dla r\u00f3\u017cnych ga\u0142\u0119zi gospodarki.\",\"description\":\"Cho\u0107 technologie zmieniaj\u0105 si\u0119, w OWENCIE dbamy od ponad 75 lat o te same warto\u015bci - jako\u015b\u0107 produkt\u00f3w i zadowolenie Klient\u00f3w\",\"potentialAction\":[{\"@type\":\"SearchAction\",\"target\":{\"@type\":\"EntryPoint\",\"urlTemplate\":\"https:\/\/owent.pl\/?s={search_term_string}\"},\"query-input\":{\"@type\":\"PropertyValueSpecification\",\"valueRequired\":true,\"valueName\":\"search_term_string\"}}],\"inLanguage\":\"en-US\"}]}<\/script>\n<!-- \/ Yoast SEO plugin. -->","yoast_head_json":{"title":"TESTIMONIALS - Producent wentylator\u00f3w przemys\u0142owych OWENT","robots":{"index":"index","follow":"follow","max-snippet":"max-snippet:-1","max-image-preview":"max-image-preview:large","max-video-preview":"max-video-preview:-1"},"canonical":"https:\/\/owent.pl\/en\/testimonials\/","og_locale":"en_US","og_type":"article","og_title":"TESTIMONIALS - Producent wentylator\u00f3w przemys\u0142owych OWENT","og_description":"[vc_row unlock_row_content=&#8221;yes&#8221; row_height_percent=&#8221;0&#8243; override_padding=&#8221;yes&#8221; h_padding=&#8221;3&#8243; top_padding=&#8221;3&#8243; bottom_padding=&#8221;3&#8243; overlay_alpha=&#8221;50&#8243; gutter_size=&#8221;2&#8243; column_width_percent=&#8221;100&#8243; shift_y=&#8221;0&#8243; z_index=&#8221;0&#8243;][vc_column column_width_percent=&#8221;100&#8243; gutter_size=&#8221;4&#8243; overlay_alpha=&#8221;50&#8243; shift_x=&#8221;0&#8243; shift_y=&#8221;0&#8243; shift_y_down=&#8221;0&#8243; z_index=&#8221;0&#8243; medium_width=&#8221;0&#8243; [&hellip;]","og_url":"https:\/\/owent.pl\/en\/testimonials\/","og_site_name":"OWENT | Produkujemy nowoczesne wentylatory dla r\u00f3\u017cnych ga\u0142\u0119zi gospodarki.","article_modified_time":"2021-06-14T15:36:00+00:00","twitter_card":"summary_large_image","twitter_misc":{"Est. reading time":"1 minute"},"schema":{"@context":"https:\/\/schema.org","@graph":[{"@type":"WebPage","@id":"https:\/\/owent.pl\/en\/testimonials\/","url":"https:\/\/owent.pl\/en\/testimonials\/","name":"TESTIMONIALS - Producent wentylator\u00f3w przemys\u0142owych OWENT","isPartOf":{"@id":"https:\/\/owent.pl\/#website"},"datePublished":"2020-12-19T11:46:16+00:00","dateModified":"2021-06-14T15:36:00+00:00","breadcrumb":{"@id":"https:\/\/owent.pl\/en\/testimonials\/#breadcrumb"},"inLanguage":"en-US","potentialAction":[{"@type":"ReadAction","target":["https:\/\/owent.pl\/en\/testimonials\/"]}]},{"@type":"BreadcrumbList","@id":"https:\/\/owent.pl\/en\/testimonials\/#breadcrumb","itemListElement":[{"@type":"ListItem","position":1,"name":"Wentylatory przemys\u0142owe","item":"https:\/\/owent.pl\/en\/"},{"@type":"ListItem","position":2,"name":"TESTIMONIALS"}]},{"@type":"WebSite","@id":"https:\/\/owent.pl\/#website","url":"https:\/\/owent.pl\/","name":"OWENT | Produkujemy nowoczesne wentylatory dla r\u00f3\u017cnych ga\u0142\u0119zi gospodarki.","description":"Cho\u0107 technologie zmieniaj\u0105 si\u0119, w OWENCIE dbamy od ponad 75 lat o te same warto\u015bci - jako\u015b\u0107 produkt\u00f3w i zadowolenie Klient\u00f3w","potentialAction":[{"@type":"SearchAction","target":{"@type":"EntryPoint","urlTemplate":"https:\/\/owent.pl\/?s={search_term_string}"},"query-input":{"@type":"PropertyValueSpecification","valueRequired":true,"valueName":"search_term_string"}}],"inLanguage":"en-US"}]}},"_links":{"self":[{"href":"https:\/\/owent.pl\/en\/wp-json\/wp\/v2\/pages\/84473","targetHints":{"allow":["GET"]}}],"collection":[{"href":"https:\/\/owent.pl\/en\/wp-json\/wp\/v2\/pages"}],"about":[{"href":"https:\/\/owent.pl\/en\/wp-json\/wp\/v2\/types\/page"}],"author":[{"embeddable":true,"href":"https:\/\/owent.pl\/en\/wp-json\/wp\/v2\/users\/1"}],"replies":[{"embeddable":true,"href":"https:\/\/owent.pl\/en\/wp-json\/wp\/v2\/comments?post=84473"}],"version-history":[{"count":2,"href":"https:\/\/owent.pl\/en\/wp-json\/wp\/v2\/pages\/84473\/revisions"}],"predecessor-version":[{"id":84485,"href":"https:\/\/owent.pl\/en\/wp-json\/wp\/v2\/pages\/84473\/revisions\/84485"}],"wp:attachment":[{"href":"https:\/\/owent.pl\/en\/wp-json\/wp\/v2\/media?parent=84473"}],"curies":[{"name":"wp","href":"https:\/\/api.w.org\/{rel}","templated":true}]}}