{"id":84475,"date":"2020-11-08T10:13:09","date_gmt":"2020-11-08T10:13:09","guid":{"rendered":"https:\/\/owent.pl\/zapytanie-ofertowe\/"},"modified":"2022-12-02T14:38:11","modified_gmt":"2022-12-02T14:38:11","slug":"zapytanie-ofertowe","status":"publish","type":"page","link":"https:\/\/owent.pl\/en\/zapytanie-ofertowe\/","title":{"rendered":"ZAPYTANIE OFERTOWE"},"content":{"rendered":"<div class=\"wpb-content-wrapper\"><p>[vc_row row_height_percent=&#8221;0&#8243; override_padding=&#8221;yes&#8221; h_padding=&#8221;2&#8243; top_padding=&#8221;2&#8243; bottom_padding=&#8221;0&#8243; overlay_alpha=&#8221;50&#8243; gutter_size=&#8221;3&#8243; column_width_percent=&#8221;100&#8243; shift_y=&#8221;0&#8243; z_index=&#8221;0&#8243;][vc_column column_width_percent=&#8221;100&#8243; gutter_size=&#8221;3&#8243; overlay_alpha=&#8221;50&#8243; shift_x=&#8221;0&#8243; shift_y=&#8221;0&#8243; shift_y_down=&#8221;0&#8243; z_index=&#8221;0&#8243; medium_width=&#8221;0&#8243; mobile_width=&#8221;0&#8243; width=&#8221;1\/1&#8243;][vc_raw_js]JTNDc2NyaXB0JTIwZGF0YS1iMjQtZm9ybSUzRCUyMmlubGluZSUyRjclMkZsYjkzYzUlMjIlMjBkYXRhLXNraXAtbW92aW5nJTNEJTIydHJ1ZSUyMiUzRSUyOGZ1bmN0aW9uJTI4dyUyQ2QlMkN1JTI5JTdCdmFyJTIwcyUzRGQuY3JlYXRlRWxlbWVudCUyOCUyN3NjcmlwdCUyNyUyOSUzQnMuYXN5bmMlM0R0cnVlJTNCcy5zcmMlM0R1JTJCJTI3JTNGJTI3JTJCJTI4RGF0ZS5ub3clMjglMjklMkYxODAwMDAlN0MwJTI5JTNCdmFyJTIwaCUzRGQuZ2V0RWxlbWVudHNCeVRhZ05hbWUlMjglMjdzY3JpcHQlMjclMjklNUIwJTVEJTNCaC5wYXJlbnROb2RlLmluc2VydEJlZm9yZSUyOHMlMkNoJTI5JTNCJTdEJTI5JTI4d2luZG93JTJDZG9jdW1lbnQlMkMlMjdodHRwcyUzQSUyRiUyRmNkbi5iaXRyaXgyNC5jb20lMkZiMTMxMzc2MDElMkZjcm0lMkZmb3JtJTJGbG9hZGVyXzcuanMlMjclMjklM0IlM0MlMkZzY3JpcHQlM0U=[\/vc_raw_js][\/vc_column][\/vc_row][vc_row row_height_percent=&#8221;0&#8243; override_padding=&#8221;yes&#8221; h_padding=&#8221;2&#8243; top_padding=&#8221;0&#8243; bottom_padding=&#8221;2&#8243; overlay_alpha=&#8221;50&#8243; gutter_size=&#8221;3&#8243; column_width_percent=&#8221;100&#8243; shift_y=&#8221;0&#8243; z_index=&#8221;0&#8243;][vc_column column_width_percent=&#8221;100&#8243; align_horizontal=&#8221;align_center&#8221; gutter_size=&#8221;3&#8243; overlay_alpha=&#8221;50&#8243; shift_x=&#8221;0&#8243; shift_y=&#8221;0&#8243; shift_y_down=&#8221;0&#8243; z_index=&#8221;0&#8243; medium_width=&#8221;0&#8243; mobile_width=&#8221;0&#8243; width=&#8221;1\/1&#8243;][vc_column_text]<span style=\"color: #ff0000;\">*<\/span> pole wymagane[\/vc_column_text][\/vc_column][\/vc_row]<\/p>\n<\/div>","protected":false},"excerpt":{"rendered":"<p>[vc_row row_height_percent=&#8221;0&#8243; override_padding=&#8221;yes&#8221; h_padding=&#8221;2&#8243; top_padding=&#8221;2&#8243; bottom_padding=&#8221;0&#8243; overlay_alpha=&#8221;50&#8243; gutter_size=&#8221;3&#8243; column_width_percent=&#8221;100&#8243; shift_y=&#8221;0&#8243; z_index=&#8221;0&#8243;][vc_column column_width_percent=&#8221;100&#8243; gutter_size=&#8221;3&#8243; overlay_alpha=&#8221;50&#8243; shift_x=&#8221;0&#8243; shift_y=&#8221;0&#8243; shift_y_down=&#8221;0&#8243; z_index=&#8221;0&#8243; medium_width=&#8221;0&#8243; mobile_width=&#8221;0&#8243; [&hellip;]<\/p>\n","protected":false},"author":1,"featured_media":0,"parent":0,"menu_order":0,"comment_status":"closed","ping_status":"closed","template":"","meta":{"footnotes":""},"class_list":["post-84475","page","type-page","status-publish","hentry"],"yoast_head":"<!-- This site is optimized with the Yoast SEO plugin v25.6 - https:\/\/yoast.com\/wordpress\/plugins\/seo\/ -->\n<title>ZAPYTANIE OFERTOWE - Producent wentylator\u00f3w przemys\u0142owych OWENT<\/title>\n<meta name=\"robots\" content=\"index, follow, max-snippet:-1, max-image-preview:large, max-video-preview:-1\" \/>\n<link rel=\"canonical\" href=\"https:\/\/owent.pl\/en\/zapytanie-ofertowe\/\" \/>\n<meta property=\"og:locale\" content=\"en_US\" \/>\n<meta property=\"og:type\" content=\"article\" \/>\n<meta property=\"og:title\" content=\"ZAPYTANIE OFERTOWE - Producent wentylator\u00f3w przemys\u0142owych OWENT\" \/>\n<meta property=\"og:description\" content=\"[vc_row row_height_percent=&#8221;0&#8243; override_padding=&#8221;yes&#8221; h_padding=&#8221;2&#8243; top_padding=&#8221;2&#8243; bottom_padding=&#8221;0&#8243; overlay_alpha=&#8221;50&#8243; gutter_size=&#8221;3&#8243; column_width_percent=&#8221;100&#8243; shift_y=&#8221;0&#8243; z_index=&#8221;0&#8243;][vc_column column_width_percent=&#8221;100&#8243; gutter_size=&#8221;3&#8243; overlay_alpha=&#8221;50&#8243; shift_x=&#8221;0&#8243; shift_y=&#8221;0&#8243; shift_y_down=&#8221;0&#8243; z_index=&#8221;0&#8243; medium_width=&#8221;0&#8243; mobile_width=&#8221;0&#8243; [&hellip;]\" \/>\n<meta property=\"og:url\" content=\"https:\/\/owent.pl\/en\/zapytanie-ofertowe\/\" \/>\n<meta property=\"og:site_name\" content=\"OWENT | Produkujemy nowoczesne wentylatory dla r\u00f3\u017cnych ga\u0142\u0119zi gospodarki.\" \/>\n<meta property=\"article:modified_time\" content=\"2022-12-02T14:38:11+00:00\" \/>\n<meta name=\"twitter:card\" content=\"summary_large_image\" \/>\n<meta name=\"twitter:label1\" content=\"Est. reading time\" \/>\n\t<meta name=\"twitter:data1\" content=\"1 minute\" \/>\n<script type=\"application\/ld+json\" class=\"yoast-schema-graph\">{\"@context\":\"https:\/\/schema.org\",\"@graph\":[{\"@type\":\"WebPage\",\"@id\":\"https:\/\/owent.pl\/en\/zapytanie-ofertowe\/\",\"url\":\"https:\/\/owent.pl\/en\/zapytanie-ofertowe\/\",\"name\":\"ZAPYTANIE OFERTOWE - Producent wentylator\u00f3w przemys\u0142owych OWENT\",\"isPartOf\":{\"@id\":\"https:\/\/owent.pl\/#website\"},\"datePublished\":\"2020-11-08T10:13:09+00:00\",\"dateModified\":\"2022-12-02T14:38:11+00:00\",\"breadcrumb\":{\"@id\":\"https:\/\/owent.pl\/en\/zapytanie-ofertowe\/#breadcrumb\"},\"inLanguage\":\"en-US\",\"potentialAction\":[{\"@type\":\"ReadAction\",\"target\":[\"https:\/\/owent.pl\/en\/zapytanie-ofertowe\/\"]}]},{\"@type\":\"BreadcrumbList\",\"@id\":\"https:\/\/owent.pl\/en\/zapytanie-ofertowe\/#breadcrumb\",\"itemListElement\":[{\"@type\":\"ListItem\",\"position\":1,\"name\":\"Wentylatory przemys\u0142owe\",\"item\":\"https:\/\/owent.pl\/en\/\"},{\"@type\":\"ListItem\",\"position\":2,\"name\":\"ZAPYTANIE OFERTOWE\"}]},{\"@type\":\"WebSite\",\"@id\":\"https:\/\/owent.pl\/#website\",\"url\":\"https:\/\/owent.pl\/\",\"name\":\"OWENT | Produkujemy nowoczesne wentylatory dla r\u00f3\u017cnych ga\u0142\u0119zi gospodarki.\",\"description\":\"Cho\u0107 technologie zmieniaj\u0105 si\u0119, w OWENCIE dbamy od ponad 75 lat o te same warto\u015bci - jako\u015b\u0107 produkt\u00f3w i zadowolenie Klient\u00f3w\",\"potentialAction\":[{\"@type\":\"SearchAction\",\"target\":{\"@type\":\"EntryPoint\",\"urlTemplate\":\"https:\/\/owent.pl\/?s={search_term_string}\"},\"query-input\":{\"@type\":\"PropertyValueSpecification\",\"valueRequired\":true,\"valueName\":\"search_term_string\"}}],\"inLanguage\":\"en-US\"}]}<\/script>\n<!-- \/ Yoast SEO plugin. -->","yoast_head_json":{"title":"ZAPYTANIE OFERTOWE - Producent wentylator\u00f3w przemys\u0142owych OWENT","robots":{"index":"index","follow":"follow","max-snippet":"max-snippet:-1","max-image-preview":"max-image-preview:large","max-video-preview":"max-video-preview:-1"},"canonical":"https:\/\/owent.pl\/en\/zapytanie-ofertowe\/","og_locale":"en_US","og_type":"article","og_title":"ZAPYTANIE OFERTOWE - Producent wentylator\u00f3w przemys\u0142owych OWENT","og_description":"[vc_row row_height_percent=&#8221;0&#8243; override_padding=&#8221;yes&#8221; h_padding=&#8221;2&#8243; top_padding=&#8221;2&#8243; bottom_padding=&#8221;0&#8243; overlay_alpha=&#8221;50&#8243; gutter_size=&#8221;3&#8243; column_width_percent=&#8221;100&#8243; shift_y=&#8221;0&#8243; z_index=&#8221;0&#8243;][vc_column column_width_percent=&#8221;100&#8243; gutter_size=&#8221;3&#8243; overlay_alpha=&#8221;50&#8243; shift_x=&#8221;0&#8243; shift_y=&#8221;0&#8243; shift_y_down=&#8221;0&#8243; z_index=&#8221;0&#8243; medium_width=&#8221;0&#8243; mobile_width=&#8221;0&#8243; [&hellip;]","og_url":"https:\/\/owent.pl\/en\/zapytanie-ofertowe\/","og_site_name":"OWENT | Produkujemy nowoczesne wentylatory dla r\u00f3\u017cnych ga\u0142\u0119zi gospodarki.","article_modified_time":"2022-12-02T14:38:11+00:00","twitter_card":"summary_large_image","twitter_misc":{"Est. reading time":"1 minute"},"schema":{"@context":"https:\/\/schema.org","@graph":[{"@type":"WebPage","@id":"https:\/\/owent.pl\/en\/zapytanie-ofertowe\/","url":"https:\/\/owent.pl\/en\/zapytanie-ofertowe\/","name":"ZAPYTANIE OFERTOWE - Producent wentylator\u00f3w przemys\u0142owych OWENT","isPartOf":{"@id":"https:\/\/owent.pl\/#website"},"datePublished":"2020-11-08T10:13:09+00:00","dateModified":"2022-12-02T14:38:11+00:00","breadcrumb":{"@id":"https:\/\/owent.pl\/en\/zapytanie-ofertowe\/#breadcrumb"},"inLanguage":"en-US","potentialAction":[{"@type":"ReadAction","target":["https:\/\/owent.pl\/en\/zapytanie-ofertowe\/"]}]},{"@type":"BreadcrumbList","@id":"https:\/\/owent.pl\/en\/zapytanie-ofertowe\/#breadcrumb","itemListElement":[{"@type":"ListItem","position":1,"name":"Wentylatory przemys\u0142owe","item":"https:\/\/owent.pl\/en\/"},{"@type":"ListItem","position":2,"name":"ZAPYTANIE OFERTOWE"}]},{"@type":"WebSite","@id":"https:\/\/owent.pl\/#website","url":"https:\/\/owent.pl\/","name":"OWENT | Produkujemy nowoczesne wentylatory dla r\u00f3\u017cnych ga\u0142\u0119zi gospodarki.","description":"Cho\u0107 technologie zmieniaj\u0105 si\u0119, w OWENCIE dbamy od ponad 75 lat o te same warto\u015bci - jako\u015b\u0107 produkt\u00f3w i zadowolenie Klient\u00f3w","potentialAction":[{"@type":"SearchAction","target":{"@type":"EntryPoint","urlTemplate":"https:\/\/owent.pl\/?s={search_term_string}"},"query-input":{"@type":"PropertyValueSpecification","valueRequired":true,"valueName":"search_term_string"}}],"inLanguage":"en-US"}]}},"_links":{"self":[{"href":"https:\/\/owent.pl\/en\/wp-json\/wp\/v2\/pages\/84475","targetHints":{"allow":["GET"]}}],"collection":[{"href":"https:\/\/owent.pl\/en\/wp-json\/wp\/v2\/pages"}],"about":[{"href":"https:\/\/owent.pl\/en\/wp-json\/wp\/v2\/types\/page"}],"author":[{"embeddable":true,"href":"https:\/\/owent.pl\/en\/wp-json\/wp\/v2\/users\/1"}],"replies":[{"embeddable":true,"href":"https:\/\/owent.pl\/en\/wp-json\/wp\/v2\/comments?post=84475"}],"version-history":[{"count":2,"href":"https:\/\/owent.pl\/en\/wp-json\/wp\/v2\/pages\/84475\/revisions"}],"predecessor-version":[{"id":85890,"href":"https:\/\/owent.pl\/en\/wp-json\/wp\/v2\/pages\/84475\/revisions\/85890"}],"wp:attachment":[{"href":"https:\/\/owent.pl\/en\/wp-json\/wp\/v2\/media?parent=84475"}],"curies":[{"name":"wp","href":"https:\/\/api.w.org\/{rel}","templated":true}]}}